{"id":4144,"date":"2023-03-16T12:49:52","date_gmt":"2023-03-16T12:49:52","guid":{"rendered":"https:\/\/dimarecyprus.com\/our-rooms\/"},"modified":"2023-03-20T19:45:43","modified_gmt":"2023-03-20T19:45:43","slug":"bizim-odalarimiz","status":"publish","type":"page","link":"https:\/\/dimarecyprus.com\/tr\/bizim-odalarimiz\/","title":{"rendered":"Bizim Odalar\u0131m\u0131z"},"content":{"rendered":"\t\t<div data-elementor-type=\"wp-page\" data-elementor-id=\"4144\" class=\"elementor elementor-4144 elementor-3898\">\n\t\t\t\t\t\t<section class=\"elementor-section elementor-top-section elementor-element elementor-element-555f4a3 elementor-section-full_width elementor-section-height-default elementor-section-height-default\" data-id=\"555f4a3\" data-element_type=\"section\" data-e-type=\"section\" data-settings=\"{&quot;background_background&quot;:&quot;classic&quot;}\">\n\t\t\t\t\t\t\t<div class=\"elementor-background-overlay\"><\/div>\n\t\t\t\t\t\t\t<div class=\"elementor-container elementor-column-gap-no\">\n\t\t\t\t\t<div class=\"elementor-column elementor-col-100 elementor-top-column elementor-element elementor-element-910324d\" data-id=\"910324d\" data-element_type=\"column\" data-e-type=\"column\">\n\t\t\t<div class=\"elementor-widget-wrap elementor-element-populated\">\n\t\t\t\t\t\t<div class=\"elementor-element elementor-element-28e5abd elementor-widget elementor-widget-kinsley-intro\" data-id=\"28e5abd\" data-element_type=\"widget\" data-e-type=\"widget\" data-widget_type=\"kinsley-intro.default\">\n\t\t\t\t<div class=\"elementor-widget-container\">\n\t\t\t\t\t\r\n    <!-- banner -->\r\n    <section class=\"knsl-banner-simple knsl-transition-bottom knsl-banner-white\">\r\n      \n\t\t\t\t<img decoding=\"async\" src=\"https:\/\/dimarecyprus.com\/wp-content\/themes\/kinsley\/assets\/img\/palm.svg\" class=\"knsl-deco-left\" alt=\"palm\" \/>\n\t\t<img decoding=\"async\" src=\"https:\/\/dimarecyprus.com\/wp-content\/themes\/kinsley\/assets\/img\/palm.svg\" class=\"knsl-deco-right\" alt=\"palm\" \/>\n\t\t\n\t\r\n      <div class=\"container\">\r\n        <div class=\"row\">\r\n          <div class=\"col-lg-12\">\r\n\r\n            <div class=\"knsl-center knsl-title-frame\">\r\n                            <h1 class=\"knsl-title--h knsl-mb-20 knsl-h1-inner\">\r\n                <span >\r\n                    Odan\u0131z\u0131 Se\u00e7in                <\/span>\r\n              <\/h1>\r\n                            \r\n              \r\n            <\/div>\r\n\r\n          <\/div>\r\n        <\/div>\r\n      <\/div>\r\n    <\/section>\r\n    <!-- banner end -->\r\n\r\n\t\t\t\t\t\t<\/div>\n\t\t\t\t<\/div>\n\t\t\t\t\t<\/div>\n\t\t<\/div>\n\t\t\t\t\t<\/div>\n\t\t<\/section>\n\t\t\t\t<section class=\"elementor-section elementor-top-section elementor-element elementor-element-95e6e29 elementor-hidden-desktop elementor-hidden-tablet elementor-hidden-mobile elementor-section-boxed elementor-section-height-default elementor-section-height-default\" data-id=\"95e6e29\" data-element_type=\"section\" data-e-type=\"section\">\n\t\t\t\t\t\t<div class=\"elementor-container elementor-column-gap-default\">\n\t\t\t\t\t<div class=\"elementor-column elementor-col-100 elementor-top-column elementor-element elementor-element-e92cd21\" data-id=\"e92cd21\" data-element_type=\"column\" data-e-type=\"column\">\n\t\t\t<div class=\"elementor-widget-wrap elementor-element-populated\">\n\t\t\t\t\t\t<div class=\"elementor-element elementor-element-5b9dca4 elementor-widget elementor-widget-kinsley-mphb-search-form\" data-id=\"5b9dca4\" data-element_type=\"widget\" data-e-type=\"widget\" data-widget_type=\"kinsley-mphb-search-form.default\">\n\t\t\t\t<div class=\"elementor-widget-container\">\n\t\t\t\t\t                <div class=\"mphb_sc_search-wrapper  knsl-book-form knsl-book-form-2\"><form method=\"GET\" class=\"mphb_sc_search-form\" action=\"https:\/\/dimarecyprus.com\/search-results\/\">\n\n\t<p class = \"mphb-required-fields-tip\">\r\n\t<small>\r\n\t\tGerekli alanlar a\u015fa\u011f\u0131dakiler taraf\u0131ndan takip edilir\t\t<abbr title=\"required\">*<\/abbr>\r\n\t<\/small>\r\n<\/p>\n\t<p class=\"mphb_sc_search-check-in-date\">\n\t\t<label for=\"mphb_check_in_date-mphb-search-form-69d5029c8a46f\">\n\t\t\tGiri\u015f\t\t\t<abbr title=\"dd\/mm\/yyyy olarak bi\u00e7imlendirildi\">*<\/abbr>\n\t\t<\/label>\n\t\t<br \/>\n\t\t<input\n\t\t\tid=\"mphb_check_in_date-mphb-search-form-69d5029c8a46f\"\n\t\t\tdata-datepick-group=\"mphb-search-form-69d5029c8a46f\"\n\t\t\tvalue=\"\"\n\t\t\tplaceholder=\"Giri\u015f Tarihi\"\n\t\t\trequired=\"required\"\n\t\t\ttype=\"text\"\n\t\t\tname=\"mphb_check_in_date\"\n\t\t\tclass=\"mphb-datepick\"\n\t\t\tautocomplete=\"off\"\n\t\t\t\/>\n\t<\/p>\n\n\t<p class=\"mphb_sc_search-check-out-date\">\n\t\t<label for=\"mphb_check_out_date-mphb-search-form-69d5029c8a46f\">\n\t\t\t\u00c7\u0131k\u0131\u015f\t\t\t<abbr title=\"dd\/mm\/yyyy olarak bi\u00e7imlendirildi\">*<\/abbr>\n\t\t<\/label>\n\t\t<br \/>\n\t\t<input\n\t\t\tid=\"mphb_check_out_date-mphb-search-form-69d5029c8a46f\"\n\t\t\tdata-datepick-group=\"mphb-search-form-69d5029c8a46f\"\n\t\t\tvalue=\"\"\n\t\t\tplaceholder=\"\u00c7\u0131k\u0131\u015f Tarihi\"\n\t\t\trequired=\"required\"\n\t\t\ttype=\"text\"\n\t\t\tname=\"mphb_check_out_date\"\n\t\t\tclass=\"mphb-datepick\"\n\t\t\tautocomplete=\"off\"\n\t\t\t\/>\n\t<\/p>\n\n\t\t\t<p class=\"mphb_sc_search-adults\">\n\t\t\t<label for=\"mphb_adults-mphb-search-form-69d5029c8a46f\">\n\t\t\t\tYeti\u015fkinler\t\t\t<\/label>\n\t\t\t<br \/>\n\t\t\t<select id=\"mphb_adults-mphb-search-form-69d5029c8a46f\" name=\"mphb_adults\" >\n\t\t\t\t\t\t\t\t\t<option value=\"1\"  selected='selected'>1<\/option>\n\t\t\t\t\t\t\t\t\t<option value=\"2\" >2<\/option>\n\t\t\t\t\t\t\t\t\t<option value=\"3\" >3<\/option>\n\t\t\t\t\t\t\t\t\t<option value=\"4\" >4<\/option>\n\t\t\t\t\t\t\t\t\t<option value=\"5\" >5<\/option>\n\t\t\t\t\t\t\t\t\t<option value=\"6\" >6<\/option>\n\t\t\t\t\t\t\t\t\t<option value=\"7\" >7<\/option>\n\t\t\t\t\t\t\t\t\t<option value=\"8\" >8<\/option>\n\t\t\t\t\t\t\t\t\t<option value=\"9\" >9<\/option>\n\t\t\t\t\t\t\t\t\t<option value=\"10\" >10<\/option>\n\t\t\t\t\t\t\t\t\t<option value=\"11\" >11<\/option>\n\t\t\t\t\t\t\t\t\t<option value=\"12\" >12<\/option>\n\t\t\t\t\t\t\t\t\t<option value=\"13\" >13<\/option>\n\t\t\t\t\t\t\t\t\t<option value=\"14\" >14<\/option>\n\t\t\t\t\t\t\t\t\t<option value=\"15\" >15<\/option>\n\t\t\t\t\t\t\t\t\t<option value=\"16\" >16<\/option>\n\t\t\t\t\t\t\t\t\t<option value=\"17\" >17<\/option>\n\t\t\t\t\t\t\t\t\t<option value=\"18\" >18<\/option>\n\t\t\t\t\t\t\t\t\t<option value=\"19\" >19<\/option>\n\t\t\t\t\t\t\t\t\t<option value=\"20\" >20<\/option>\n\t\t\t\t\t\t\t\t\t<option value=\"21\" >21<\/option>\n\t\t\t\t\t\t\t\t\t<option value=\"22\" >22<\/option>\n\t\t\t\t\t\t\t\t\t<option value=\"23\" >23<\/option>\n\t\t\t\t\t\t\t\t\t<option value=\"24\" >24<\/option>\n\t\t\t\t\t\t\t\t\t<option value=\"25\" >25<\/option>\n\t\t\t\t\t\t\t\t\t<option value=\"26\" >26<\/option>\n\t\t\t\t\t\t\t\t\t<option value=\"27\" >27<\/option>\n\t\t\t\t\t\t\t\t\t<option value=\"28\" >28<\/option>\n\t\t\t\t\t\t\t\t\t<option value=\"29\" >29<\/option>\n\t\t\t\t\t\t\t\t\t<option value=\"30\" >30<\/option>\n\t\t\t\t\t\t\t<\/select>\n\t\t<\/p>\n\t\n\t\t\t<p class=\"mphb_sc_search-children\">\n\t\t\t<label for=\"mphb_children-mphb-search-form-69d5029c8a46f\">\n\t\t\t\t\u00c7ocuk 0-6(\u20ac0) \/ 7-12(\u20ac35)\t\t\t<\/label>\n\t\t\t<br \/>\n\t\t\t<select id=\"mphb_children-mphb-search-form-69d5029c8a46f\" name=\"mphb_children\">\n\t\t\t\t\t\t\t\t\t<option value=\"0\"  selected='selected'>0<\/option>\n\t\t\t\t\t\t\t\t\t<option value=\"1\" >1<\/option>\n\t\t\t\t\t\t\t\t\t<option value=\"2\" >2<\/option>\n\t\t\t\t\t\t\t\t\t<option value=\"3\" >3<\/option>\n\t\t\t\t\t\t\t\t\t<option value=\"4\" >4<\/option>\n\t\t\t\t\t\t\t\t\t<option value=\"5\" >5<\/option>\n\t\t\t\t\t\t\t\t\t<option value=\"6\" >6<\/option>\n\t\t\t\t\t\t\t\t\t<option value=\"7\" >7<\/option>\n\t\t\t\t\t\t\t\t\t<option value=\"8\" >8<\/option>\n\t\t\t\t\t\t\t\t\t<option value=\"9\" >9<\/option>\n\t\t\t\t\t\t\t\t\t<option value=\"10\" >10<\/option>\n\t\t\t\t\t\t\t<\/select>\n\t\t<\/p>\n\t\n\t\n\t\n\t<input id=\"mphb_check_in_date-mphb-search-form-69d5029c8a46f-hidden\" value=\"\" type=\"hidden\" name=\"mphb_check_in_date\" \/><input id=\"mphb_check_out_date-mphb-search-form-69d5029c8a46f-hidden\" value=\"\" type=\"hidden\" name=\"mphb_check_out_date\" \/>\n\t<p class=\"mphb_sc_search-submit-button-wrapper\">\n\t\t<button type=\"submit\" class=\"button knsl-btn\">Ara<\/button>\n\t<\/p>\n\n\t\n<\/form>\n<\/div>                \t\t\t\t<\/div>\n\t\t\t\t<\/div>\n\t\t\t\t\t<\/div>\n\t\t<\/div>\n\t\t\t\t\t<\/div>\n\t\t<\/section>\n\t\t\t\t<section class=\"elementor-section elementor-top-section elementor-element elementor-element-c47a142 elementor-section-full_width elementor-section-height-default elementor-section-height-default\" data-id=\"c47a142\" data-element_type=\"section\" data-e-type=\"section\">\n\t\t\t\t\t\t<div class=\"elementor-container elementor-column-gap-no\">\n\t\t\t\t\t<div class=\"elementor-column elementor-col-100 elementor-top-column elementor-element elementor-element-954c519\" data-id=\"954c519\" data-element_type=\"column\" data-e-type=\"column\">\n\t\t\t<div class=\"elementor-widget-wrap elementor-element-populated\">\n\t\t\t\t\t\t<div class=\"elementor-element elementor-element-2fc0da8 elementor-widget elementor-widget-kinsley-rooms-grid\" data-id=\"2fc0da8\" data-element_type=\"widget\" data-e-type=\"widget\" data-widget_type=\"kinsley-rooms-grid.default\">\n\t\t\t\t<div class=\"elementor-widget-container\">\n\t\t\t\t\t\r\n    <!-- rooms -->\r\n    <section class=\"knsl-p-0-100\">\r\n      \n\t\t\t\t<img decoding=\"async\" src=\"https:\/\/dimarecyprus.com\/wp-content\/themes\/kinsley\/assets\/img\/palm.svg\" class=\"knsl-deco-left\" alt=\"palm\" \/>\n\t\t\n\t\r\n      <div class=\"container\">\r\n        \r\n        \r\n                <div class=\"row attr-details-size-false attr-details-amenity-false attr-details-category-false attr-details-attributes-false attr-details-view-false attr-details-bed-type-false attr-details-children-false\">\r\n\t\t\t\t\t\r\n                    <div class=\"col-lg-6 \">\r\n            <div class=\"mphb_sc_room-wrapper \"><div class=\"mphb-room-type post-4128 mphb_room_type type-mphb_room_type status-publish has-post-thumbnail mphb_room_type_category-cift mphb_room_type_tag-cift mphb_room_type_facility-4-ozel-havuz mphb_room_type_facility-akilli-televizyon mphb_room_type_facility-bedava-internet mphb_room_type_facility-camasir mphb_room_type_facility-havaalani-transferi mphb_room_type_facility-her-sey-dahil mphb_room_type_facility-klimali mphb_room_type_facility-koruma-altinda mphb-room-type-adults-2 mphb-room-type-children-0 \">\r\n\r\n\t\r\n\t\r\n\r\n\t<p class=\"post-thumbnail mphb-loop-room-thumbnail\">\r\n\t<a href=\"https:\/\/dimarecyprus.com\/tr\/accommodation\/kara-manzarali-oda\/\">\r\n\t<img fetchpriority=\"high\" decoding=\"async\" width=\"1080\" height=\"728\" src=\"https:\/\/dimarecyprus.com\/wp-content\/uploads\/2023\/02\/DSCF8533-HDR.jpg\" class=\"attachment-post-thumbnail size-post-thumbnail wp-post-image\" alt=\"\" srcset=\"https:\/\/dimarecyprus.com\/wp-content\/uploads\/2023\/02\/DSCF8533-HDR.jpg 1080w, https:\/\/dimarecyprus.com\/wp-content\/uploads\/2023\/02\/DSCF8533-HDR-300x202.jpg 300w, https:\/\/dimarecyprus.com\/wp-content\/uploads\/2023\/02\/DSCF8533-HDR-1024x690.jpg 1024w, https:\/\/dimarecyprus.com\/wp-content\/uploads\/2023\/02\/DSCF8533-HDR-768x518.jpg 768w, https:\/\/dimarecyprus.com\/wp-content\/uploads\/2023\/02\/DSCF8533-HDR-950x640.jpg 950w, https:\/\/dimarecyprus.com\/wp-content\/uploads\/2023\/02\/DSCF8533-HDR-800x539.jpg 800w\" sizes=\"(max-width: 1080px) 100vw, 1080px\" \/>\t<\/a>\r\n\r\n\t<\/p>\r\n\r\n<h2 class=\"mphb-room-type-title entry-title\">\r\n\r\n<a class=\"mphb-room-type-title\" href=\"https:\/\/dimarecyprus.com\/tr\/accommodation\/kara-manzarali-oda\/\">Kara Manzaral\u0131 Oda<\/a>\r\n\r\n<\/h2>\r\n<h3 class=\"mphb-room-type-details-title\">Detaylar<\/h3><ul class=\"mphb-loop-room-type-attributes\">\r\n\r\n\r\n\t<li class=\"mphb-room-type-adults-capacity\"><span class=\"mphb-attribute-title mphb-adults-title\">Yeti\u015fkin:<\/span><span class=\"mphb-attribute-value\">\r\n\t2\r\n\t<\/span><\/li>\r\n\r\n\r\n\r\n\t<li class=\"mphb-room-type-facilities\"><span class=\"mphb-attribute-title mphb-facilities-title\">Kolayl\u0131klar:<\/span><span class=\"mphb-attribute-value\"> <span class=\"facility-4-ozel-havuz\"><a href=\"https:\/\/dimarecyprus.com\/tr\/accommodation-facility\/4-ozel-havuz\/\">4 \u00f6zel havuz<\/a><\/span>, <span class=\"facility-akilli-televizyon\"><a href=\"https:\/\/dimarecyprus.com\/tr\/accommodation-facility\/akilli-televizyon\/\">Ak\u0131ll\u0131 televizyon<\/a><\/span>, <span class=\"facility-bedava-internet\"><a href=\"https:\/\/dimarecyprus.com\/tr\/accommodation-facility\/bedava-internet\/\">Bedava internet<\/a><\/span>, <span class=\"facility-camasir\"><a href=\"https:\/\/dimarecyprus.com\/tr\/accommodation-facility\/camasir\/\">\u00c7ama\u015f\u0131r<\/a><\/span>, <span class=\"facility-havaalani-transferi\"><a href=\"https:\/\/dimarecyprus.com\/tr\/accommodation-facility\/havaalani-transferi\/\">Havaalan\u0131 transferi<\/a><\/span>, <span class=\"facility-her-sey-dahil\"><a href=\"https:\/\/dimarecyprus.com\/tr\/accommodation-facility\/her-sey-dahil\/\">Her \u015fey dahil<\/a><\/span>, <span class=\"facility-klimali\"><a href=\"https:\/\/dimarecyprus.com\/tr\/accommodation-facility\/klimali\/\">Klimal\u0131<\/a><\/span>, <span class=\"facility-koruma-altinda\"><a href=\"https:\/\/dimarecyprus.com\/tr\/accommodation-facility\/koruma-altinda\/\">Koruma alt\u0131nda<\/a><\/span><\/span><\/li>\r\n\r\n\r\n\r\n\t<li class=\"mphb-room-type-view\"><span class=\"mphb-attribute-title mphb-view-title\">G\u00f6r\u00fcnt\u00fcle:<\/span><span class=\"mphb-attribute-value\">\r\n\tdeniz manzaras\u0131, da\u011f manzaras\u0131\r\n\t<\/span><\/li>\r\n\r\n\r\n\r\n\t<li class=\"mphb-room-type-size\"><span class=\"mphb-attribute-title mphb-size-title\">Boyut:<\/span><span class=\"mphb-attribute-value\">\r\n\t35m\u00b2\r\n\t<\/span><\/li>\r\n\r\n\r\n\r\n\r\n\t<li class=\"mphb-room-type-categories\"><span class=\"mphb-attribute-title mphb-categories-title\">Kategoriler:<\/span><span class=\"mphb-attribute-value\"> <span class=\"category-cift\"><a href=\"https:\/\/dimarecyprus.com\/tr\/accommodation-category\/cift\/\">\u00c7ift<\/a><\/span><\/span><\/li>\r\n\r\n<\/ul>\r\n\r\n<p class=\"mphb-view-details-button-wrapper\">\r\n<a class=\"button mphb-view-details-button\" href=\"https:\/\/dimarecyprus.com\/tr\/accommodation\/kara-manzarali-oda\/\" >Detaylar\u0131 G\u00f6r\u00fcnt\u00fcleyin<\/a>\r\n<\/p>\r\n\t\r\n<\/div><\/div>          <\/div>\r\n                    <div class=\"col-lg-6 \">\r\n            <div class=\"mphb_sc_room-wrapper \"><div class=\"mphb-room-type post-4138 mphb_room_type type-mphb_room_type status-publish has-post-thumbnail mphb_room_type_category-standart mphb_room_type_tag-standart mphb_room_type_facility-4-ozel-havuz mphb_room_type_facility-akilli-televizyon mphb_room_type_facility-bedava-internet mphb_room_type_facility-camasir mphb_room_type_facility-havaalani-transferi mphb_room_type_facility-her-sey-dahil mphb_room_type_facility-klimali mphb_room_type_facility-koruma-altinda mphb-room-type-adults-1 mphb-room-type-children-0 \">\r\n\r\n\t\r\n\t\r\n\r\n\t<p class=\"post-thumbnail mphb-loop-room-thumbnail\">\r\n\t<a href=\"https:\/\/dimarecyprus.com\/tr\/accommodation\/deniz-manzarali-oda\/\">\r\n\t<img decoding=\"async\" width=\"1080\" height=\"720\" src=\"https:\/\/dimarecyprus.com\/wp-content\/uploads\/2022\/01\/DSCF8888-HDR-Edit.jpg\" class=\"attachment-post-thumbnail size-post-thumbnail wp-post-image\" alt=\"\" srcset=\"https:\/\/dimarecyprus.com\/wp-content\/uploads\/2022\/01\/DSCF8888-HDR-Edit.jpg 1080w, https:\/\/dimarecyprus.com\/wp-content\/uploads\/2022\/01\/DSCF8888-HDR-Edit-300x200.jpg 300w, https:\/\/dimarecyprus.com\/wp-content\/uploads\/2022\/01\/DSCF8888-HDR-Edit-1024x683.jpg 1024w, https:\/\/dimarecyprus.com\/wp-content\/uploads\/2022\/01\/DSCF8888-HDR-Edit-768x512.jpg 768w, https:\/\/dimarecyprus.com\/wp-content\/uploads\/2022\/01\/DSCF8888-HDR-Edit-950x633.jpg 950w, https:\/\/dimarecyprus.com\/wp-content\/uploads\/2022\/01\/DSCF8888-HDR-Edit-800x533.jpg 800w\" sizes=\"(max-width: 1080px) 100vw, 1080px\" \/>\t<\/a>\r\n\r\n\t<\/p>\r\n\r\n<h2 class=\"mphb-room-type-title entry-title\">\r\n\r\n<a class=\"mphb-room-type-title\" href=\"https:\/\/dimarecyprus.com\/tr\/accommodation\/deniz-manzarali-oda\/\">Deniz Manzaral\u0131 Oda<\/a>\r\n\r\n<\/h2>\r\n<h3 class=\"mphb-room-type-details-title\">Detaylar<\/h3><ul class=\"mphb-loop-room-type-attributes\">\r\n\r\n\r\n\t<li class=\"mphb-room-type-adults-capacity\"><span class=\"mphb-attribute-title mphb-adults-title\">Yeti\u015fkin:<\/span><span class=\"mphb-attribute-value\">\r\n\t1\r\n\t<\/span><\/li>\r\n\r\n\r\n\r\n\t<li class=\"mphb-room-type-facilities\"><span class=\"mphb-attribute-title mphb-facilities-title\">Kolayl\u0131klar:<\/span><span class=\"mphb-attribute-value\"> <span class=\"facility-4-ozel-havuz\"><a href=\"https:\/\/dimarecyprus.com\/tr\/accommodation-facility\/4-ozel-havuz\/\">4 \u00f6zel havuz<\/a><\/span>, <span class=\"facility-akilli-televizyon\"><a href=\"https:\/\/dimarecyprus.com\/tr\/accommodation-facility\/akilli-televizyon\/\">Ak\u0131ll\u0131 televizyon<\/a><\/span>, <span class=\"facility-bedava-internet\"><a href=\"https:\/\/dimarecyprus.com\/tr\/accommodation-facility\/bedava-internet\/\">Bedava internet<\/a><\/span>, <span class=\"facility-camasir\"><a href=\"https:\/\/dimarecyprus.com\/tr\/accommodation-facility\/camasir\/\">\u00c7ama\u015f\u0131r<\/a><\/span>, <span class=\"facility-havaalani-transferi\"><a href=\"https:\/\/dimarecyprus.com\/tr\/accommodation-facility\/havaalani-transferi\/\">Havaalan\u0131 transferi<\/a><\/span>, <span class=\"facility-her-sey-dahil\"><a href=\"https:\/\/dimarecyprus.com\/tr\/accommodation-facility\/her-sey-dahil\/\">Her \u015fey dahil<\/a><\/span>, <span class=\"facility-klimali\"><a href=\"https:\/\/dimarecyprus.com\/tr\/accommodation-facility\/klimali\/\">Klimal\u0131<\/a><\/span>, <span class=\"facility-koruma-altinda\"><a href=\"https:\/\/dimarecyprus.com\/tr\/accommodation-facility\/koruma-altinda\/\">Koruma alt\u0131nda<\/a><\/span><\/span><\/li>\r\n\r\n\r\n\r\n\t<li class=\"mphb-room-type-view\"><span class=\"mphb-attribute-title mphb-view-title\">G\u00f6r\u00fcnt\u00fcle:<\/span><span class=\"mphb-attribute-value\">\r\n\tdeniz manzaras\u0131, da\u011f manzaras\u0131\r\n\t<\/span><\/li>\r\n\r\n\r\n\r\n\t<li class=\"mphb-room-type-size\"><span class=\"mphb-attribute-title mphb-size-title\">Boyut:<\/span><span class=\"mphb-attribute-value\">\r\n\t50m\u00b2\r\n\t<\/span><\/li>\r\n\r\n\r\n\r\n\r\n\t<li class=\"mphb-room-type-categories\"><span class=\"mphb-attribute-title mphb-categories-title\">Kategoriler:<\/span><span class=\"mphb-attribute-value\"> <span class=\"category-standart\"><a href=\"https:\/\/dimarecyprus.com\/tr\/accommodation-category\/standart\/\">Standart<\/a><\/span><\/span><\/li>\r\n\r\n<\/ul>\r\n\r\n<p class=\"mphb-view-details-button-wrapper\">\r\n<a class=\"button mphb-view-details-button\" href=\"https:\/\/dimarecyprus.com\/tr\/accommodation\/deniz-manzarali-oda\/\" >Detaylar\u0131 G\u00f6r\u00fcnt\u00fcleyin<\/a>\r\n<\/p>\r\n\t\r\n<\/div><\/div>          <\/div>\r\n                  <\/div>\r\n                <!-- pagination -->\r\n        <div class=\"knsl-pagination\">\r\n                  <\/div>\r\n        <!-- pagination end -->\r\n        \r\n                      <\/div>\r\n    <\/section>\r\n    <!-- rooms end -->\r\n\r\n\t\t\t\t\t\t<\/div>\n\t\t\t\t<\/div>\n\t\t\t\t\t<\/div>\n\t\t<\/div>\n\t\t\t\t\t<\/div>\n\t\t<\/section>\n\t\t\t\t<\/div>\n\t\t","protected":false},"excerpt":{"rendered":"<p>Odan\u0131z\u0131 Se\u00e7in Required fields are followed by * Check-in * Check-out * Adults 123456789101112131415161718192021222324252627282930 Children 012345678910 Search Standard Room Details Adults: 2 Children: 2 Amenities: 4 private pools, Air-conditioned, Airport&#8230; <span class=\"knsl-el-more\"><a href=\"https:\/\/dimarecyprus.com\/tr\/accommodation\/deniz-manzarali-oda\/\" class=\"knsl-btn\">Read more<\/a><\/span><\/p>\n","protected":false},"author":1,"featured_media":0,"parent":0,"menu_order":0,"comment_status":"closed","ping_status":"closed","template":"template-layout-builder.php","meta":{"footnotes":""},"class_list":["post-4144","page","type-page","status-publish","hentry"],"acf":[],"_links":{"self":[{"href":"https:\/\/dimarecyprus.com\/tr\/wp-json\/wp\/v2\/pages\/4144","targetHints":{"allow":["GET"]}}],"collection":[{"href":"https:\/\/dimarecyprus.com\/tr\/wp-json\/wp\/v2\/pages"}],"about":[{"href":"https:\/\/dimarecyprus.com\/tr\/wp-json\/wp\/v2\/types\/page"}],"author":[{"embeddable":true,"href":"https:\/\/dimarecyprus.com\/tr\/wp-json\/wp\/v2\/users\/1"}],"replies":[{"embeddable":true,"href":"https:\/\/dimarecyprus.com\/tr\/wp-json\/wp\/v2\/comments?post=4144"}],"version-history":[{"count":8,"href":"https:\/\/dimarecyprus.com\/tr\/wp-json\/wp\/v2\/pages\/4144\/revisions"}],"predecessor-version":[{"id":4280,"href":"https:\/\/dimarecyprus.com\/tr\/wp-json\/wp\/v2\/pages\/4144\/revisions\/4280"}],"wp:attachment":[{"href":"https:\/\/dimarecyprus.com\/tr\/wp-json\/wp\/v2\/media?parent=4144"}],"curies":[{"name":"wp","href":"https:\/\/api.w.org\/{rel}","templated":true}]}}